{"id":2,"date":"2025-06-17T07:24:42","date_gmt":"2025-06-17T07:24:42","guid":{"rendered":"https:\/\/steffendegeyter.eu\/?page_id=2"},"modified":"2025-10-02T09:37:58","modified_gmt":"2025-10-02T09:37:58","slug":"opweg","status":"publish","type":"page","link":"https:\/\/corporate.steffendegeyter.eu\/","title":{"rendered":"Op weg naar het WK Ironman 70.3 (en verder)"},"content":{"rendered":"\n<p class=\"has-large-font-size\" style=\"padding-top:var(--wp--preset--spacing--10);padding-right:var(--wp--preset--spacing--10);padding-bottom:var(--wp--preset--spacing--10);padding-left:var(--wp--preset--spacing--10)\"><strong>Hoe het begon&#8230;<\/strong><\/p>\n\n\n\n<p style=\"border-style:none;border-width:0px;padding-top:var(--wp--preset--spacing--10);padding-right:var(--wp--preset--spacing--10);padding-bottom:var(--wp--preset--spacing--10);padding-left:var(--wp--preset--spacing--10)\">Wat in <strong>2021<\/strong> begon als een spontaan idee \u2013 <em>&#8220;Ik wil wel eens een triatlon proberen&#8221;<\/em> \u2013 groeide uit tot een intense passie, een levensstijl en een ambitie die ik vandaag vol overtuiging nastreef: <strong>me meten met de allerbeste age groupers op het wereldtoneel van de triatlonsport<\/strong>.<\/p>\n\n\n\n<p class=\"has-large-font-size\" style=\"padding-top:var(--wp--preset--spacing--10);padding-right:var(--wp--preset--spacing--10);padding-bottom:var(--wp--preset--spacing--10);padding-left:var(--wp--preset--spacing--10)\">\ud83c\udf0d <strong>Van eerste uitdaging tot WK-ticket<\/strong><\/p>\n\n\n\n<p style=\"padding-top:var(--wp--preset--spacing--10);padding-right:var(--wp--preset--spacing--10);padding-bottom:var(--wp--preset--spacing--10);padding-left:var(--wp--preset--spacing--10)\">Mijn eerste Ironman 70.3 ging gepaard met een <strong>stormachtige zee, bakken zenuwen \u00e9n angst<\/strong>, maar ik beet door en finishte. De vonk sloeg over, en samen met mijn coach <strong>Cedric Callebaut (Musculatuur)<\/strong> begon ik aan een traject van jaren waarin ik mezelf telkens opnieuw uitdaagde en verbeterde. <\/p>\n\n\n\n<figure class=\"wp-block-image alignleft size-large is-resized\" style=\"margin-top:0;margin-bottom:0\"><img loading=\"lazy\" decoding=\"async\" width=\"1024\" height=\"683\" src=\"https:\/\/corporate.steffendegeyter.eu\/wp-content\/uploads\/2025\/06\/375994301-1024x683.jpg\" alt=\"\" class=\"wp-image-298\" style=\"width:517px;height:auto\" srcset=\"https:\/\/corporate.steffendegeyter.eu\/wp-content\/uploads\/2025\/06\/375994301-1024x683.jpg 1024w, https:\/\/corporate.steffendegeyter.eu\/wp-content\/uploads\/2025\/06\/375994301-300x200.jpg 300w, https:\/\/corporate.steffendegeyter.eu\/wp-content\/uploads\/2025\/06\/375994301-768x512.jpg 768w, https:\/\/corporate.steffendegeyter.eu\/wp-content\/uploads\/2025\/06\/375994301-400x267.jpg 400w, https:\/\/corporate.steffendegeyter.eu\/wp-content\/uploads\/2025\/06\/375994301.jpg 1200w\" sizes=\"auto, (max-width: 1024px) 100vw, 1024px\" \/><\/figure>\n\n\n\n<p style=\"padding-top:var(--wp--preset--spacing--10);padding-right:var(--wp--preset--spacing--10);padding-bottom:var(--wp--preset--spacing--10);padding-left:var(--wp--preset--spacing--10)\">In <strong>2023<\/strong> zette ik de volgende stap: mijn eerste <strong>volledige Ironman<\/strong>, die ik aflegde in <strong>9u39<\/strong> \u2013 goed voor een WK-ticket in Nice. Ook op de halve afstand boekte ik succes met een <strong>10e plaats in mijn age group<\/strong> op de Ironman 70.3 in Westfriesland, wat opnieuw een WK-kwalificatie opleverde. Maar\u2026 Nice is geen Hawa\u00ef. En Finland lag financieel niet binnen bereik. Dus liet ik beide kansen bewust voorbijgaan, met \u00e9\u00e9n doel voor ogen: <strong>Hawa\u00ef<\/strong>.<\/p>\n\n\n\n<p class=\"has-text-align-center\" style=\"padding-top:var(--wp--preset--spacing--10);padding-right:var(--wp--preset--spacing--10);padding-bottom:var(--wp--preset--spacing--10);padding-left:var(--wp--preset--spacing--10)\">Men zei me toen: <em>\u201cJe haalt het wel opnieuw.\u201d<\/em> Maar zo vanzelfsprekend bleek dat niet.<\/p>\n\n\n\n<p class=\"has-text-align-left\" style=\"padding-top:var(--wp--preset--spacing--10);padding-right:var(--wp--preset--spacing--10);padding-bottom:var(--wp--preset--spacing--10);padding-left:var(--wp--preset--spacing--10)\">In <strong>2024<\/strong> verbeterde ik mijn PR in de Ironman Klagenf\u00fcrt met maar liefst <strong>16 minuten<\/strong>, op een zwaarder parcours. En toch\u2026 ik miste Hawa\u00ef op amper <strong>6 minuten<\/strong>. Later dat jaar liep ik in Knokke naar alweer een PR, maar moest tevreden zijn met een 16de plek. Geen schande wat ik moet opboksen tegen onder andere een wereldtopper zoals Greg Van Avermaet \u2013 ja, die kan nog steeds stevig doortrekken!<\/p>\n\n\n\n<figure class=\"wp-block-image alignright size-large is-resized\"><img loading=\"lazy\" decoding=\"async\" width=\"1024\" height=\"683\" src=\"https:\/\/corporate.steffendegeyter.eu\/wp-content\/uploads\/2025\/06\/400714517-1024x683.jpg\" alt=\"\" class=\"wp-image-299\" style=\"width:640px;height:auto\" srcset=\"https:\/\/corporate.steffendegeyter.eu\/wp-content\/uploads\/2025\/06\/400714517-1024x683.jpg 1024w, https:\/\/corporate.steffendegeyter.eu\/wp-content\/uploads\/2025\/06\/400714517-300x200.jpg 300w, https:\/\/corporate.steffendegeyter.eu\/wp-content\/uploads\/2025\/06\/400714517-768x512.jpg 768w, https:\/\/corporate.steffendegeyter.eu\/wp-content\/uploads\/2025\/06\/400714517-400x267.jpg 400w, https:\/\/corporate.steffendegeyter.eu\/wp-content\/uploads\/2025\/06\/400714517.jpg 1200w\" sizes=\"auto, (max-width: 1024px) 100vw, 1024px\" \/><\/figure>\n\n\n\n<p class=\"has-text-align-left has-large-font-size\" style=\"padding-top:var(--wp--preset--spacing--10);padding-right:var(--wp--preset--spacing--10);padding-bottom:var(--wp--preset--spacing--10);padding-left:var(--wp--preset--spacing--10)\"><strong>\ud83e\udd47 2025: Doorzetten, groeien\u2026 en een verjaardag op het WK<\/strong><\/p>\n\n\n\n<p style=\"padding-top:var(--wp--preset--spacing--10);padding-right:var(--wp--preset--spacing--10);padding-bottom:var(--wp--preset--spacing--10);padding-left:var(--wp--preset--spacing--10)\">Toch bleef ik volhouden. In 2024 sloot ik af met een mooie <strong>6e plaats (age group)<\/strong> op de <strong>T100 Ibiza<\/strong>, en 2025 blijkt voorlopig het jaar van die \u201c6\u201d:<\/p>\n\n\n\n<ul style=\"padding-top:0;padding-right:var(--wp--preset--spacing--10);padding-bottom:0;padding-left:var(--wp--preset--spacing--10)\" class=\"wp-block-list\">\n<li style=\"padding-top:0;padding-right:var(--wp--preset--spacing--10);padding-bottom:0;padding-left:var(--wp--preset--spacing--10)\"><strong>6e overall<\/strong> op de Halve Marathon in Damme<\/li>\n\n\n\n<li style=\"padding-top:0;padding-right:var(--wp--preset--spacing--10);padding-bottom:0;padding-left:var(--wp--preset--spacing--10)\"><strong>6e in mijn age group<\/strong> op Ironman 70.3 in Tours<br>\ud83d\udc49 En d\u00e1t leverde mij eindelijk opnieuw een WK-ticket op!<\/li>\n<\/ul>\n\n\n\n<p class=\"has-text-align-left\" style=\"padding-top:var(--wp--preset--spacing--10);padding-right:var(--wp--preset--spacing--10);padding-bottom:var(--wp--preset--spacing--10);padding-left:var(--wp--preset--spacing--10)\">In <strong>november 2025<\/strong>, op mijn <strong>verjaardag<\/strong>, mag ik meedoen op het <strong>WK Ironman 70.3 in Marbella<\/strong>. Deze keer twijfelde ik niet \u2013 met de steun van mijn ouders betaalde ik meteen mijn inschrijving. Maar er komt natuurlijk nog heel wat meer bij kijken: <strong>reis, verblijf, transport van mijn fiets<\/strong>, enzovoort.<\/p>\n\n\n\n<p class=\"has-large-font-size\" style=\"padding-top:var(--wp--preset--spacing--10);padding-right:var(--wp--preset--spacing--10);padding-bottom:var(--wp--preset--spacing--10);padding-left:var(--wp--preset--spacing--10)\"><strong>\ud83c\udf3a De grote droom: Ironman Hawaii 2027<\/strong><\/p>\n\n\n\n<figure class=\"wp-block-image alignright size-large is-resized\"><img loading=\"lazy\" decoding=\"async\" width=\"1024\" height=\"768\" src=\"https:\/\/corporate.steffendegeyter.eu\/wp-content\/uploads\/2025\/06\/WhatsApp-Image-2025-06-16-at-09.34.05-3-1024x768.jpeg\" alt=\"\" class=\"wp-image-167\" style=\"width:639px;height:auto\" srcset=\"https:\/\/corporate.steffendegeyter.eu\/wp-content\/uploads\/2025\/06\/WhatsApp-Image-2025-06-16-at-09.34.05-3-1024x768.jpeg 1024w, https:\/\/corporate.steffendegeyter.eu\/wp-content\/uploads\/2025\/06\/WhatsApp-Image-2025-06-16-at-09.34.05-3-400x300.jpeg 400w, https:\/\/corporate.steffendegeyter.eu\/wp-content\/uploads\/2025\/06\/WhatsApp-Image-2025-06-16-at-09.34.05-3-300x225.jpeg 300w, https:\/\/corporate.steffendegeyter.eu\/wp-content\/uploads\/2025\/06\/WhatsApp-Image-2025-06-16-at-09.34.05-3-768x576.jpeg 768w, https:\/\/corporate.steffendegeyter.eu\/wp-content\/uploads\/2025\/06\/WhatsApp-Image-2025-06-16-at-09.34.05-3-1536x1152.jpeg 1536w, https:\/\/corporate.steffendegeyter.eu\/wp-content\/uploads\/2025\/06\/WhatsApp-Image-2025-06-16-at-09.34.05-3-1440x1080.jpeg 1440w, https:\/\/corporate.steffendegeyter.eu\/wp-content\/uploads\/2025\/06\/WhatsApp-Image-2025-06-16-at-09.34.05-3.jpeg 1600w\" sizes=\"auto, (max-width: 1024px) 100vw, 1024px\" \/><\/figure>\n\n\n\n<p style=\"padding-top:var(--wp--preset--spacing--10);padding-right:var(--wp--preset--spacing--10);padding-bottom:var(--wp--preset--spacing--10);padding-left:var(--wp--preset--spacing--10)\">Ik verpulverde dit jaar mijn eigen PR op de volledige afstand al 2 keer! In Challenge Roth ging ik na een non-wetsuit swim, een leegloper op de fiets en maagkrampen tijdens het lopen, naar een <strong>9u12<\/strong>. 10 weken later deed ik nog maar eens 22minuten van die PR en finishte in Emilia-Romagna in <strong>8u50<\/strong>, werd <strong>7de in mijn age group<\/strong> en 21ste van de 2370 deelnemers. Helaas, was dit door de nieuwe regels nog niet genoeg om een ticket voor Hawaii te pakken. Opgeven? NOOIT! Dus gaan we door, mijn doel, mijn droom, mijn missie, een Ironman in 2027 en een ticket naar Kona! Samen met jullie steun ben ik er zeker van dat ik dit kan halen. <\/p>\n\n\n\n<div class=\"wp-block-columns is-layout-flex wp-container-core-columns-is-layout-28f84493 wp-block-columns-is-layout-flex\">\n<div class=\"wp-block-column is-layout-flow wp-block-column-is-layout-flow\" style=\"flex-basis:100%\">\n<div class=\"wp-block-columns is-not-stacked-on-mobile is-layout-flex wp-container-core-columns-is-layout-28f84493 wp-block-columns-is-layout-flex\">\n<div class=\"wp-block-column is-layout-flow wp-block-column-is-layout-flow\" style=\"flex-basis:50%\">\n<figure class=\"wp-block-image aligncenter size-full\"><img loading=\"lazy\" decoding=\"async\" width=\"824\" height=\"760\" src=\"https:\/\/corporate.steffendegeyter.eu\/wp-content\/uploads\/2025\/06\/transparant.png\" alt=\"\" class=\"wp-image-206\" srcset=\"https:\/\/corporate.steffendegeyter.eu\/wp-content\/uploads\/2025\/06\/transparant.png 824w, https:\/\/corporate.steffendegeyter.eu\/wp-content\/uploads\/2025\/06\/transparant-400x369.png 400w, https:\/\/corporate.steffendegeyter.eu\/wp-content\/uploads\/2025\/06\/transparant-300x277.png 300w, https:\/\/corporate.steffendegeyter.eu\/wp-content\/uploads\/2025\/06\/transparant-768x708.png 768w\" sizes=\"auto, (max-width: 824px) 100vw, 824px\" \/><\/figure>\n<\/div>\n\n\n\n<div class=\"wp-block-column is-layout-flow wp-block-column-is-layout-flow\" style=\"flex-basis:50%\">\n<figure class=\"wp-block-image aligncenter size-large\"><img loading=\"lazy\" decoding=\"async\" width=\"1024\" height=\"683\" src=\"https:\/\/corporate.steffendegeyter.eu\/wp-content\/uploads\/2025\/06\/400714517-1024x683.jpg\" alt=\"\" class=\"wp-image-299\" style=\"aspect-ratio:1;object-fit:cover\" srcset=\"https:\/\/corporate.steffendegeyter.eu\/wp-content\/uploads\/2025\/06\/400714517-1024x683.jpg 1024w, https:\/\/corporate.steffendegeyter.eu\/wp-content\/uploads\/2025\/06\/400714517-300x200.jpg 300w, https:\/\/corporate.steffendegeyter.eu\/wp-content\/uploads\/2025\/06\/400714517-768x512.jpg 768w, https:\/\/corporate.steffendegeyter.eu\/wp-content\/uploads\/2025\/06\/400714517-400x267.jpg 400w, https:\/\/corporate.steffendegeyter.eu\/wp-content\/uploads\/2025\/06\/400714517.jpg 1200w\" sizes=\"auto, (max-width: 1024px) 100vw, 1024px\" \/><\/figure>\n<\/div>\n<\/div>\n<\/div>\n<\/div>\n\n\n\n<p><\/p>\n\n\n\n<p class=\"has-large-font-size\" style=\"padding-top:var(--wp--preset--spacing--10);padding-right:var(--wp--preset--spacing--10);padding-bottom:var(--wp--preset--spacing--10);padding-left:var(--wp--preset--spacing--10)\">\ud83d\udc99 <strong>Help jij mee?<\/strong><\/p>\n\n\n\n<p class=\"has-medium-font-size\" style=\"padding-top:var(--wp--preset--spacing--10);padding-right:var(--wp--preset--spacing--10);padding-bottom:var(--wp--preset--spacing--10);padding-left:var(--wp--preset--spacing--10)\"><strong>\ud83d\udcb6  Doe een vrije bijdrage<\/strong><\/p>\n\n\n\n<p class=\"has-text-align-left\" style=\"padding-top:var(--wp--preset--spacing--10);padding-right:var(--wp--preset--spacing--10);padding-bottom:var(--wp--preset--spacing--10);padding-left:var(--wp--preset--spacing--10)\">Elke euro gaat rechtstreeks naar mijn deelname, reis en voorbereiding voor het WK \u00e9n mijn kwalificatiepoging voor Hawaii.<br><strong>Voor bedrijven:<\/strong> Sponsoring\/Giften zijn <strong>fiscaal aftrekbaar<\/strong> \u2013 dus ook jullie kunnen een steentje bijdragen \u00e9n er zelf voordeel uit halen.<br>Je bedrijf komt op een trui en tshirt waarmee ik naar de komende wedstrijden zal trekken alsook zal je bedrijf vernoemd worden op mijn sociale media. <\/p>\n\n\n\n<p class=\"has-text-align-center\" style=\"padding-top:var(--wp--preset--spacing--10);padding-right:var(--wp--preset--spacing--10);padding-bottom:var(--wp--preset--spacing--10);padding-left:var(--wp--preset--spacing--10)\"><strong>\ud83d\ude4f Bedankt voor je steun!<\/strong><\/p>\n\n\n\n<p class=\"has-text-align-center has-x-large-font-size\" style=\"padding-top:var(--wp--preset--spacing--10);padding-right:var(--wp--preset--spacing--10);padding-bottom:var(--wp--preset--spacing--10);padding-left:var(--wp--preset--spacing--10)\"><button><a href=\"https:\/\/corporate.steffendegeyter.eu\/index.php\/sponsoring\/\" data-type=\"page\" data-id=\"7\"> &gt;&gt; STEUN MIJ &lt;&lt;<\/a><\/button><\/p>\n\n\n\n<p class=\"has-text-align-center\">Wil je mij ook priv\u00e9 ondersteunen ? <br><strong>Volg dan deze link: <\/strong><a href=\"https:\/\/steffendegeyter.eu\"><strong>https:\/\/steffendegeyter.eu<\/strong><\/a><\/p>\n","protected":false},"excerpt":{"rendered":"<p>Hoe het begon&#8230; Wat in 2021 begon als een spontaan idee \u2013 &#8220;Ik wil wel eens een triatlon proberen&#8221; \u2013 groeide uit tot een intense passie, een levensstijl en een ambitie die ik vandaag vol overtuiging nastreef: me meten met de allerbeste age groupers op het wereldtoneel van de triatlonsport. \ud83c\udf0d Van eerste uitdaging tot [&hellip;]<\/p>\n","protected":false},"author":1,"featured_media":164,"parent":0,"menu_order":0,"comment_status":"closed","ping_status":"closed","template":"","meta":{"footnotes":""},"class_list":["post-2","page","type-page","status-publish","has-post-thumbnail","hentry"],"_links":{"self":[{"href":"https:\/\/corporate.steffendegeyter.eu\/index.php\/wp-json\/wp\/v2\/pages\/2","targetHints":{"allow":["GET"]}}],"collection":[{"href":"https:\/\/corporate.steffendegeyter.eu\/index.php\/wp-json\/wp\/v2\/pages"}],"about":[{"href":"https:\/\/corporate.steffendegeyter.eu\/index.php\/wp-json\/wp\/v2\/types\/page"}],"author":[{"embeddable":true,"href":"https:\/\/corporate.steffendegeyter.eu\/index.php\/wp-json\/wp\/v2\/users\/1"}],"replies":[{"embeddable":true,"href":"https:\/\/corporate.steffendegeyter.eu\/index.php\/wp-json\/wp\/v2\/comments?post=2"}],"version-history":[{"count":36,"href":"https:\/\/corporate.steffendegeyter.eu\/index.php\/wp-json\/wp\/v2\/pages\/2\/revisions"}],"predecessor-version":[{"id":389,"href":"https:\/\/corporate.steffendegeyter.eu\/index.php\/wp-json\/wp\/v2\/pages\/2\/revisions\/389"}],"wp:featuredmedia":[{"embeddable":true,"href":"https:\/\/corporate.steffendegeyter.eu\/index.php\/wp-json\/wp\/v2\/media\/164"}],"wp:attachment":[{"href":"https:\/\/corporate.steffendegeyter.eu\/index.php\/wp-json\/wp\/v2\/media?parent=2"}],"curies":[{"name":"wp","href":"https:\/\/api.w.org\/{rel}","templated":true}]}}